{"id":61584,"date":"2022-06-27T08:49:54","date_gmt":"2022-06-27T12:49:54","guid":{"rendered":"http:\/\/fablab4d.ca\/gtm\/?page_id=61584"},"modified":"2025-01-07T15:59:26","modified_gmt":"2025-01-07T20:59:26","slug":"home-version-five","status":"publish","type":"page","link":"https:\/\/fablab4d.ca\/gtm\/","title":{"rendered":"Page principale"},"content":{"rendered":"\t\t<div data-elementor-type=\"wp-page\" data-elementor-id=\"61584\" class=\"elementor elementor-61584\">\n\t\t\t\t\t\t<section class=\"elementor-section elementor-top-section elementor-element elementor-element-a154c60 elementor-section-stretched elementor-section-boxed elementor-section-height-default elementor-section-height-default\" data-id=\"a154c60\" data-element_type=\"section\" data-e-type=\"section\" data-settings=\"{&quot;stretch_section&quot;:&quot;section-stretched&quot;,&quot;background_background&quot;:&quot;classic&quot;}\">\n\t\t\t\t\t\t\t<div class=\"elementor-background-overlay\"><\/div>\n\t\t\t\t\t\t\t<div class=\"elementor-container elementor-column-gap-default\">\n\t\t\t\t\t<div class=\"elementor-column elementor-col-100 elementor-top-column elementor-element elementor-element-79d97ab0\" data-id=\"79d97ab0\" data-element_type=\"column\" data-e-type=\"column\">\n\t\t\t<div class=\"elementor-widget-wrap elementor-element-populated\">\n\t\t\t\t\t\t<section class=\"elementor-section elementor-inner-section elementor-element elementor-element-7286fa23 elementor-section-boxed elementor-section-height-default elementor-section-height-default\" data-id=\"7286fa23\" data-element_type=\"section\" data-e-type=\"section\">\n\t\t\t\t\t\t<div class=\"elementor-container elementor-column-gap-default\">\n\t\t\t\t\t<div class=\"elementor-column elementor-col-33 elementor-inner-column elementor-element elementor-element-438dffcc\" data-id=\"438dffcc\" data-element_type=\"column\" data-e-type=\"column\" data-settings=\"{&quot;background_background&quot;:&quot;classic&quot;}\">\n\t\t\t<div class=\"elementor-widget-wrap\">\n\t\t\t\t\t\t\t<\/div>\n\t\t<\/div>\n\t\t\t\t<div class=\"elementor-column elementor-col-33 elementor-inner-column elementor-element elementor-element-46c40c55\" data-id=\"46c40c55\" data-element_type=\"column\" data-e-type=\"column\">\n\t\t\t<div class=\"elementor-widget-wrap elementor-element-populated\">\n\t\t\t\t\t\t<div class=\"elementor-element elementor-element-6a1ff48d elementor-invisible elementor-widget elementor-widget-heading\" data-id=\"6a1ff48d\" data-element_type=\"widget\" data-e-type=\"widget\" data-settings=\"{&quot;_animation&quot;:&quot;fadeInUp&quot;,&quot;_animation_delay&quot;:200}\" data-widget_type=\"heading.default\">\n\t\t\t\t<div class=\"elementor-widget-container\">\n\t\t\t\t\t<h6 class=\"elementor-heading-title elementor-size-default\">Nos services<\/h6>\t\t\t\t<\/div>\n\t\t\t\t<\/div>\n\t\t\t\t<div class=\"elementor-element elementor-element-4c021661 elementor-invisible elementor-widget elementor-widget-heading\" data-id=\"4c021661\" data-element_type=\"widget\" data-e-type=\"widget\" data-settings=\"{&quot;_animation&quot;:&quot;fadeInUp&quot;,&quot;_animation_delay&quot;:400}\" data-widget_type=\"heading.default\">\n\t\t\t\t<div class=\"elementor-widget-container\">\n\t\t\t\t\t<h3 class=\"elementor-heading-title elementor-size-default\">Pourquoi les entreprises font-elles appel \u00e0 nous ?<\/h3>\t\t\t\t<\/div>\n\t\t\t\t<\/div>\n\t\t\t\t<div class=\"elementor-element elementor-element-1cb35d17 elementor-invisible elementor-widget elementor-widget-text-editor\" data-id=\"1cb35d17\" data-element_type=\"widget\" data-e-type=\"widget\" data-settings=\"{&quot;_animation&quot;:&quot;fadeInUp&quot;,&quot;_animation_delay&quot;:600}\" data-widget_type=\"text-editor.default\">\n\t\t\t\t<div class=\"elementor-widget-container\">\n\t\t\t\t\t\t\t\t\t<p>Chaque situation est diff\u00e9rente mais les m\u00eames pr\u00e9occupations sont souvent cit\u00e9es: , d\u00e9velopper une nouvelle expertise ou un nouveau produit, consolider des connaissances technologiques,\u00a0<span style=\"letter-spacing: 0px;\">augmenter la Collaboration , la fluidit\u00e9, l&#8217;efficacit\u00e9 d&#8217;une \u00e9quipe existante<\/span><span style=\"letter-spacing: 0px;\">.. Nous offrons une solution personnalis\u00e9e en fonction de la situation.<\/span><\/p>\t\t\t\t\t\t\t\t<\/div>\n\t\t\t\t<\/div>\n\t\t\t\t\t<\/div>\n\t\t<\/div>\n\t\t\t\t<div class=\"elementor-column elementor-col-33 elementor-inner-column elementor-element elementor-element-5e4fd214\" data-id=\"5e4fd214\" data-element_type=\"column\" data-e-type=\"column\" data-settings=\"{&quot;background_background&quot;:&quot;classic&quot;}\">\n\t\t\t<div class=\"elementor-widget-wrap\">\n\t\t\t\t\t\t\t<\/div>\n\t\t<\/div>\n\t\t\t\t\t<\/div>\n\t\t<\/section>\n\t\t\t\t<section class=\"elementor-section elementor-inner-section elementor-element elementor-element-54d2f55 elementor-section-boxed elementor-section-height-default elementor-section-height-default\" data-id=\"54d2f55\" data-element_type=\"section\" data-e-type=\"section\">\n\t\t\t\t\t\t<div class=\"elementor-container elementor-column-gap-default\">\n\t\t\t\t\t<div class=\"elementor-column elementor-col-33 elementor-inner-column elementor-element elementor-element-0249f50\" data-id=\"0249f50\" data-element_type=\"column\" data-e-type=\"column\" data-settings=\"{&quot;background_background&quot;:&quot;classic&quot;}\">\n\t\t\t<div class=\"elementor-widget-wrap\">\n\t\t\t\t\t\t\t<\/div>\n\t\t<\/div>\n\t\t\t\t<div class=\"elementor-column elementor-col-33 elementor-inner-column elementor-element elementor-element-4fa3a63\" data-id=\"4fa3a63\" data-element_type=\"column\" data-e-type=\"column\">\n\t\t\t<div class=\"elementor-widget-wrap elementor-element-populated\">\n\t\t\t\t\t\t<div class=\"elementor-element elementor-element-54bdbee elementor-position-inline-start home-two-hover-box-icon icon-padd-hm4 elementor-view-default elementor-mobile-position-block-start elementor-widget elementor-widget-icon-box\" data-id=\"54bdbee\" data-element_type=\"widget\" data-e-type=\"widget\" data-widget_type=\"icon-box.default\">\n\t\t\t\t<div class=\"elementor-widget-container\">\n\t\t\t\t\t\t\t<div class=\"elementor-icon-box-wrapper\">\n\n\t\t\t\t\t\t<div class=\"elementor-icon-box-icon\">\n\t\t\t\t<a href=\"https:\/\/fablab4d.ca\/gtm\/ateliers\/\" class=\"elementor-icon\" tabindex=\"-1\" aria-label=\"Ateliers immersifs\">\n\t\t\t\t<svg xmlns=\"http:\/\/www.w3.org\/2000\/svg\" xmlns:xlink=\"http:\/\/www.w3.org\/1999\/xlink\" id=\"Layer_1\" height=\"100\" width=\"100\" x=\"0px\" y=\"0px\" viewBox=\"0 0 492.313 492.313\" style=\"enable-background:new 0 0 492.313 492.313;\" xml:space=\"preserve\"><g>\t<g>\t\t<path d=\"M352.005,107.714V78.56c0-21.721-17.663-39.385-39.385-39.385H179.692c-21.716,0-39.385,17.663-39.385,39.385v29.154H0    v345.423h492.313V107.714H352.005z M160,78.56c0-10.856,8.832-19.692,19.692-19.692H312.62c10.856,0,19.692,8.837,19.692,19.692    v29.154H160V78.56z M472.62,433.445H19.692V207.368l63.721,83.413c7.413,9.692,19.111,15.471,31.298,15.471h100.755v5.827    c0,16.923,13.764,30.683,30.688,30.683c16.918,0,30.688-13.76,30.688-30.683v-5.827h100.76c12.192,0,23.885-5.789,31.298-15.471    l63.721-83.413V433.445z M235.159,312.079v-34.462h21.99v34.462c0,6.058-4.933,10.99-10.995,10.99    S235.159,318.137,235.159,312.079z M472.62,174.915L393.245,278.82c-3.702,4.846-9.548,7.74-15.644,7.74h-100.76v-28.635h-61.375    v28.635H114.712c-6.096,0-11.947-2.894-15.649-7.74l-79.37-103.899v-47.514h120.615h211.697H472.62V174.915z\" fill=\"#6329af\"><\/path>\t<\/g><\/g><g><\/g><g><\/g><g><\/g><g><\/g><g><\/g><g><\/g><g><\/g><g><\/g><g><\/g><g><\/g><g><\/g><g><\/g><g><\/g><g><\/g><g><\/g><\/svg>\t\t\t\t<\/a>\n\t\t\t<\/div>\n\t\t\t\n\t\t\t\t\t\t<div class=\"elementor-icon-box-content\">\n\n\t\t\t\t\t\t\t\t\t<h6 class=\"elementor-icon-box-title\">\n\t\t\t\t\t\t<a href=\"https:\/\/fablab4d.ca\/gtm\/ateliers\/\" >\n\t\t\t\t\t\t\tAteliers immersifs\t\t\t\t\t\t<\/a>\n\t\t\t\t\t<\/h6>\n\t\t\t\t\n\t\t\t\t\t\t\t\t\t<p class=\"elementor-icon-box-description\">\n\t\t\t\t\t\tL'outil id\u00e9al pour augmenter la collaboration et l'efficacit\u00e9, tout en apprenant une nouvelle technologie ou en consolidant des acquis.\t\t\t\t\t<\/p>\n\t\t\t\t\n\t\t\t<\/div>\n\t\t\t\n\t\t<\/div>\n\t\t\t\t\t\t<\/div>\n\t\t\t\t<\/div>\n\t\t\t\t<div class=\"elementor-element elementor-element-7ab654e elementor-position-inline-start home-two-hover-box-icon icon-padd-hm4 elementor-view-default elementor-mobile-position-block-start elementor-widget elementor-widget-icon-box\" data-id=\"7ab654e\" data-element_type=\"widget\" data-e-type=\"widget\" data-widget_type=\"icon-box.default\">\n\t\t\t\t<div class=\"elementor-widget-container\">\n\t\t\t\t\t\t\t<div class=\"elementor-icon-box-wrapper\">\n\n\t\t\t\t\t\t<div class=\"elementor-icon-box-icon\">\n\t\t\t\t<a href=\"https:\/\/fablab4d.ca\/gtm\/conferences\/\" class=\"elementor-icon\" tabindex=\"-1\" aria-label=\"Conf\u00e9rences\">\n\t\t\t\t<svg xmlns=\"http:\/\/www.w3.org\/2000\/svg\" xmlns:xlink=\"http:\/\/www.w3.org\/1999\/xlink\" id=\"Layer_1\" height=\"100\" width=\"100\" x=\"0px\" y=\"0px\" viewBox=\"0 0 492.308 492.308\" style=\"enable-background:new 0 0 492.308 492.308;\" xml:space=\"preserve\"><defs>            <linearGradient id=\"Gradient-1\" x1=\"0\" y1=\"0\" x2=\"100%\" y2=\"0\">            <stop offset=\"0%\" stop-color=\"#31077e\"><\/stop>            <stop offset=\"100%\" stop-color=\"#0a5ac7\"><\/stop>        <\/linearGradient>\t\t<style>\t\t\t.cls-1{\t\t\t\tfill:url(#Gradient-1);\t\t\t\tstroke:none;            \t\t\t}\t\t<\/style>\t<\/defs><g>\t<g>\t\t<path class=\"cls-1\" d=\"M458.442,296.826v-50.621c0-117.053-95.231-212.279-212.288-212.279c-117.048,0-212.279,95.226-212.279,212.279v50.616    C13.444,310.81,0,334.292,0,360.868c0,39.998,30.427,73.005,69.351,77.136c3.881,11.788,14.866,20.379,27.938,20.379h14.808    c16.288,0,29.538-13.25,29.538-29.538V292.892c0-16.288-13.25-29.538-29.538-29.538H97.288c-13.07,0-24.054,8.588-27.936,20.374    c-5.453,0.579-10.727,1.749-15.785,3.402v-40.925c0-106.192,86.394-192.587,192.587-192.587    c106.202,0,192.596,86.394,192.596,192.587v40.927c-5.06-1.653-10.332-2.825-15.785-3.404    c-3.882-11.787-14.867-20.374-27.936-20.374h-14.808c-16.288,0-29.538,13.25-29.538,29.538v135.952    c0,16.288,13.25,29.538,29.538,29.538h14.808c13.072,0,24.058-8.591,27.938-20.379c38.916-4.132,69.341-37.138,69.341-77.135    C492.308,334.295,478.867,310.817,458.442,296.826z M87.442,292.892c0-5.428,4.413-9.846,9.846-9.846h14.808    c5.433,0,9.846,4.418,9.846,9.846v135.952c0,5.428-4.413,9.846-9.846,9.846H97.288c-5.433,0-9.846-4.418-9.846-9.846V292.892z     M67.75,303.87v113.99c-27.249-4.695-48.058-28.431-48.058-56.993C19.692,332.302,40.501,308.566,67.75,303.87z M404.875,428.844    c0,5.428-4.414,9.846-9.846,9.846h-14.808c-5.433,0-9.846-4.418-9.846-9.846V292.892c0-5.428,4.413-9.846,9.846-9.846h14.808    c5.433,0,9.846,4.418,9.846,9.846V428.844z M424.567,417.86V303.871c27.24,4.696,48.048,28.432,48.048,56.997    C472.615,389.428,451.808,413.163,424.567,417.86z\"><\/path>\t<\/g><\/g><g><\/g><g><\/g><g><\/g><g><\/g><g><\/g><g><\/g><g><\/g><g><\/g><g><\/g><g><\/g><g><\/g><g><\/g><g><\/g><g><\/g><g><\/g><\/svg>\t\t\t\t<\/a>\n\t\t\t<\/div>\n\t\t\t\n\t\t\t\t\t\t<div class=\"elementor-icon-box-content\">\n\n\t\t\t\t\t\t\t\t\t<h6 class=\"elementor-icon-box-title\">\n\t\t\t\t\t\t<a href=\"https:\/\/fablab4d.ca\/gtm\/conferences\/\" >\n\t\t\t\t\t\t\tConf\u00e9rences\t\t\t\t\t\t<\/a>\n\t\t\t\t\t<\/h6>\n\t\t\t\t\n\t\t\t\t\t\t\t\t\t<p class=\"elementor-icon-box-description\">\n\t\t\t\t\t\tPour d\u00e9couvrir ou en apprendre davantage sur une technologie ou un proc\u00e9d\u00e9 de fabrication num\u00e9rique et.. vous donner le go\u00fbt de participer \u00e0 un atelier immersif.\t\t\t\t\t<\/p>\n\t\t\t\t\n\t\t\t<\/div>\n\t\t\t\n\t\t<\/div>\n\t\t\t\t\t\t<\/div>\n\t\t\t\t<\/div>\n\t\t\t\t<div class=\"elementor-element elementor-element-3c3d122 elementor-position-inline-start home-two-hover-box-icon icon-padd-hm4 elementor-view-default elementor-mobile-position-block-start elementor-widget elementor-widget-icon-box\" data-id=\"3c3d122\" data-element_type=\"widget\" data-e-type=\"widget\" data-widget_type=\"icon-box.default\">\n\t\t\t\t<div class=\"elementor-widget-container\">\n\t\t\t\t\t\t\t<div class=\"elementor-icon-box-wrapper\">\n\n\t\t\t\t\t\t<div class=\"elementor-icon-box-icon\">\n\t\t\t\t<a href=\"https:\/\/fablab4d.ca\/gtm\/prototypage\/\" class=\"elementor-icon\" tabindex=\"-1\" aria-label=\"Prototypage\">\n\t\t\t\t<svg xmlns=\"http:\/\/www.w3.org\/2000\/svg\" xmlns:xlink=\"http:\/\/www.w3.org\/1999\/xlink\" id=\"Layer_1\" height=\"100\" width=\"100\" x=\"0px\" y=\"0px\" viewBox=\"0 0 492.308 492.308\" style=\"enable-background:new 0 0 492.308 492.308;\" xml:space=\"preserve\"><defs>            <linearGradient id=\"Gradient-1\" x1=\"0\" y1=\"0\" x2=\"100%\" y2=\"0\">            <stop offset=\"0%\" stop-color=\"#31077e\"><\/stop>            <stop offset=\"100%\" stop-color=\"#0a5ac7\"><\/stop>        <\/linearGradient>\t\t<style>\t\t\t.cls-1{\t\t\t\tfill:url(#Gradient-1);\t\t\t\tstroke:none;            \t\t\t}\t\t<\/style>\t<\/defs><g>\t<g>\t\t<path class=\"cls-1\" d=\"M492.308,283v-73.692l-53.462-9.115c-4.846-20.413-12.885-39.798-23.971-57.769l31.385-44.279l-52.106-52.106    l-44.279,31.394c-17.99-11.096-37.365-19.144-57.769-23.981L282.99,0h-73.683l-9.115,53.452    c-20.413,4.846-39.798,12.885-57.769,23.971L98.144,46.038L46.038,98.144l31.394,44.279    c-11.096,17.99-19.144,37.365-23.981,57.769L0,209.308V283l53.452,9.106c4.837,20.404,12.885,39.779,23.981,57.769l-31.394,44.279    l52.106,52.106l44.279-31.385c17.971,11.086,37.346,19.125,57.769,23.981l9.115,53.452h73.683l9.115-53.452    c20.423-4.856,39.798-12.894,57.769-23.981l44.279,31.385l52.106-52.106l-31.385-44.279    c11.086-17.962,19.125-37.346,23.971-57.769L492.308,283z M421,281.567c-4.539,22.577-13.356,43.817-26.202,63.135l-3.74,5.635    l29.529,41.644l-28.606,28.606l-41.644-29.529l-5.635,3.74c-19.327,12.846-40.567,21.663-63.135,26.212l-6.625,1.337    l-8.567,50.269h-40.452l-8.567-50.269l-6.625-1.337c-22.567-4.548-43.808-13.365-63.135-26.212l-5.635-3.74l-41.644,29.529    l-28.606-28.606l29.529-41.644l-3.74-5.625c-12.856-19.356-21.663-40.596-26.202-63.144l-1.337-6.625l-50.269-8.558v-40.462    l50.269-8.567l1.337-6.625c4.538-22.548,13.346-43.788,26.202-63.144l3.74-5.625l-29.529-41.644l28.606-28.606l41.644,29.529    l5.635-3.74c19.327-12.846,40.567-21.663,63.135-26.202l6.625-1.337l8.567-50.269h40.452l8.567,50.269l6.625,1.337    c22.548,4.538,43.789,13.346,63.144,26.202l5.625,3.74l41.644-29.529l28.606,28.606l-29.529,41.644l3.74,5.635    c12.846,19.327,21.663,40.567,26.202,63.135l1.336,6.625l50.279,8.567v40.462l-50.279,8.558L421,281.567z\" fill=\"#ff5f34\"><\/path>\t<\/g><\/g><g>\t<g>\t\t<path class=\"cls-1\" d=\"M246.154,139.51c-58.808,0-106.644,47.837-106.644,106.644c0,58.798,47.837,106.635,106.644,106.635    c58.798,0,106.635-47.837,106.635-106.635C352.788,187.346,304.952,139.51,246.154,139.51z M246.154,333.096    c-47.942,0-86.952-39-86.952-86.942s39.01-86.952,86.952-86.952s86.942,39.01,86.942,86.952S294.096,333.096,246.154,333.096z\" fill=\"#ff5f34\"><\/path>\t<\/g><\/g><g><\/g><g><\/g><g><\/g><g><\/g><g><\/g><g><\/g><g><\/g><g><\/g><g><\/g><g><\/g><g><\/g><g><\/g><g><\/g><g><\/g><g><\/g><\/svg>\t\t\t\t<\/a>\n\t\t\t<\/div>\n\t\t\t\n\t\t\t\t\t\t<div class=\"elementor-icon-box-content\">\n\n\t\t\t\t\t\t\t\t\t<h6 class=\"elementor-icon-box-title\">\n\t\t\t\t\t\t<a href=\"https:\/\/fablab4d.ca\/gtm\/prototypage\/\" >\n\t\t\t\t\t\t\tPrototypage\t\t\t\t\t\t<\/a>\n\t\t\t\t\t<\/h6>\n\t\t\t\t\n\t\t\t\t\t\t\t\t\t<p class=\"elementor-icon-box-description\">\n\t\t\t\t\t\tPour d\u00e9velopper un nouveau produit, en mode \"design thinking\".\t\t\t\t\t<\/p>\n\t\t\t\t\n\t\t\t<\/div>\n\t\t\t\n\t\t<\/div>\n\t\t\t\t\t\t<\/div>\n\t\t\t\t<\/div>\n\t\t\t\t\t<\/div>\n\t\t<\/div>\n\t\t\t\t<div class=\"elementor-column elementor-col-33 elementor-inner-column elementor-element elementor-element-1deb16b\" data-id=\"1deb16b\" data-element_type=\"column\" data-e-type=\"column\" data-settings=\"{&quot;background_background&quot;:&quot;classic&quot;}\">\n\t\t\t<div class=\"elementor-widget-wrap\">\n\t\t\t\t\t\t\t<\/div>\n\t\t<\/div>\n\t\t\t\t\t<\/div>\n\t\t<\/section>\n\t\t\t\t\t<\/div>\n\t\t<\/div>\n\t\t\t\t\t<\/div>\n\t\t<\/section>\n\t\t\t\t<\/div>\n\t\t","protected":false},"excerpt":{"rendered":"<p>Nos services Pourquoi les entreprises font-elles appel \u00e0 nous ? Chaque situation est diff\u00e9rente mais les m\u00eames pr\u00e9occupations sont souvent cit\u00e9es: , d\u00e9velopper une nouvelle expertise ou un nouveau produit, consolider des connaissances technologiques,\u00a0augmenter la Collaboration , la fluidit\u00e9, l&#8217;efficacit\u00e9 d&#8217;une \u00e9quipe existante.. Nous offrons une solution personnalis\u00e9e en fonction de la situation. Ateliers immersifs [&hellip;]<\/p>\n","protected":false},"author":1,"featured_media":0,"parent":0,"menu_order":0,"comment_status":"closed","ping_status":"closed","template":"elementor_header_footer","meta":{"_acf_changed":false,"footnotes":""},"class_list":["post-61584","page","type-page","status-publish","hentry"],"acf":[],"_links":{"self":[{"href":"https:\/\/fablab4d.ca\/gtm\/wp-json\/wp\/v2\/pages\/61584","targetHints":{"allow":["GET"]}}],"collection":[{"href":"https:\/\/fablab4d.ca\/gtm\/wp-json\/wp\/v2\/pages"}],"about":[{"href":"https:\/\/fablab4d.ca\/gtm\/wp-json\/wp\/v2\/types\/page"}],"author":[{"embeddable":true,"href":"https:\/\/fablab4d.ca\/gtm\/wp-json\/wp\/v2\/users\/1"}],"replies":[{"embeddable":true,"href":"https:\/\/fablab4d.ca\/gtm\/wp-json\/wp\/v2\/comments?post=61584"}],"version-history":[{"count":109,"href":"https:\/\/fablab4d.ca\/gtm\/wp-json\/wp\/v2\/pages\/61584\/revisions"}],"predecessor-version":[{"id":63617,"href":"https:\/\/fablab4d.ca\/gtm\/wp-json\/wp\/v2\/pages\/61584\/revisions\/63617"}],"wp:attachment":[{"href":"https:\/\/fablab4d.ca\/gtm\/wp-json\/wp\/v2\/media?parent=61584"}],"curies":[{"name":"wp","href":"https:\/\/api.w.org\/{rel}","templated":true}]}}