{"id":62479,"date":"2022-06-28T05:37:21","date_gmt":"2022-06-28T09:37:21","guid":{"rendered":"http:\/\/fablab4d.ca\/gtm\/?page_id=62479"},"modified":"2025-01-07T15:21:25","modified_gmt":"2025-01-07T20:21:25","slug":"prototypage","status":"publish","type":"page","link":"https:\/\/fablab4d.ca\/gtm\/prototypage\/","title":{"rendered":"Prototypage"},"content":{"rendered":"\t\t<div data-elementor-type=\"wp-page\" data-elementor-id=\"62479\" class=\"elementor elementor-62479\">\n\t\t\t\t\t\t<section class=\"elementor-section elementor-top-section elementor-element elementor-element-4ff82e82 elementor-section-boxed elementor-section-height-default elementor-section-height-default\" data-id=\"4ff82e82\" data-element_type=\"section\" data-e-type=\"section\" data-settings=\"{&quot;background_background&quot;:&quot;classic&quot;}\">\n\t\t\t\t\t\t<div class=\"elementor-container elementor-column-gap-default\">\n\t\t\t\t\t<div class=\"elementor-column elementor-col-100 elementor-top-column elementor-element elementor-element-6a93a3ca\" data-id=\"6a93a3ca\" data-element_type=\"column\" data-e-type=\"column\">\n\t\t\t<div class=\"elementor-widget-wrap elementor-element-populated\">\n\t\t\t\t\t\t<section class=\"elementor-section elementor-inner-section elementor-element elementor-element-07e07e7 elementor-section-boxed elementor-section-height-default elementor-section-height-default\" data-id=\"07e07e7\" data-element_type=\"section\" data-e-type=\"section\">\n\t\t\t\t\t\t<div class=\"elementor-container elementor-column-gap-default\">\n\t\t\t\t\t<div class=\"elementor-column elementor-col-100 elementor-inner-column elementor-element elementor-element-3775971\" data-id=\"3775971\" data-element_type=\"column\" data-e-type=\"column\">\n\t\t\t<div class=\"elementor-widget-wrap elementor-element-populated\">\n\t\t\t\t\t\t<div class=\"elementor-element elementor-element-3b204f09 elementor-invisible elementor-widget elementor-widget-heading\" data-id=\"3b204f09\" data-element_type=\"widget\" data-e-type=\"widget\" data-settings=\"{&quot;_animation&quot;:&quot;fadeInUp&quot;,&quot;_animation_delay&quot;:200}\" data-widget_type=\"heading.default\">\n\t\t\t\t<div class=\"elementor-widget-container\">\n\t\t\t\t\t<h6 class=\"elementor-heading-title elementor-size-default\">Les b\u00e9n\u00e9fices<\/h6>\t\t\t\t<\/div>\n\t\t\t\t<\/div>\n\t\t\t\t<div class=\"elementor-element elementor-element-5885ff09 elementor-invisible elementor-widget elementor-widget-heading\" data-id=\"5885ff09\" data-element_type=\"widget\" data-e-type=\"widget\" data-settings=\"{&quot;_animation&quot;:&quot;fadeInUp&quot;,&quot;_animation_delay&quot;:400}\" data-widget_type=\"heading.default\">\n\t\t\t\t<div class=\"elementor-widget-container\">\n\t\t\t\t\t<h3 class=\"elementor-heading-title elementor-size-default\">En pla\u00e7ant l'utilisateur final au centre du processus, le r\u00e9sultat obtenu est sup\u00e9rieur<\/h3>\t\t\t\t<\/div>\n\t\t\t\t<\/div>\n\t\t\t\t<div class=\"elementor-element elementor-element-706e21ee elementor-invisible elementor-widget elementor-widget-text-editor\" data-id=\"706e21ee\" data-element_type=\"widget\" data-e-type=\"widget\" data-settings=\"{&quot;_animation&quot;:&quot;fadeInUp&quot;,&quot;_animation_delay&quot;:600}\" data-widget_type=\"text-editor.default\">\n\t\t\t\t<div class=\"elementor-widget-container\">\n\t\t\t\t\t\t\t\t\t<p>Le \u00ab design thinking \u00bb est une approche centr\u00e9e sur l&#8217;humain qui met l&#8217;accent sur la r\u00e9solution de probl\u00e8mes cr\u00e9ative et innovante. Les avantages du design thinking incluent:<\/p>\t\t\t\t\t\t\t\t<\/div>\n\t\t\t\t<\/div>\n\t\t\t\t<section class=\"elementor-section elementor-inner-section elementor-element elementor-element-5d527af elementor-section-boxed elementor-section-height-default elementor-section-height-default\" data-id=\"5d527af\" data-element_type=\"section\" data-e-type=\"section\">\n\t\t\t\t\t\t<div class=\"elementor-container elementor-column-gap-default\">\n\t\t\t\t\t<div class=\"elementor-column elementor-col-50 elementor-inner-column elementor-element elementor-element-eec9fc8\" data-id=\"eec9fc8\" data-element_type=\"column\" data-e-type=\"column\">\n\t\t\t<div class=\"elementor-widget-wrap elementor-element-populated\">\n\t\t\t\t\t\t<div class=\"elementor-element elementor-element-64bf5581 elementor-position-left rt-general-icon-align elementor-vertical-align-top elementor-widget elementor-widget-image-box\" data-id=\"64bf5581\" data-element_type=\"widget\" data-e-type=\"widget\" data-widget_type=\"image-box.default\">\n\t\t\t\t<div class=\"elementor-widget-container\">\n\t\t\t\t\t<div class=\"elementor-image-box-wrapper\"><figure class=\"elementor-image-box-img\"><img decoding=\"async\" width=\"29\" height=\"29\" src=\"https:\/\/fablab4d.ca\/gtm\/wp-content\/uploads\/2022\/06\/icon01.png\" class=\"attachment-full size-full wp-image-62481\" alt=\"\" \/><\/figure><div class=\"elementor-image-box-content\"><h6 class=\"elementor-image-box-title\">R\u00e9solution de probl\u00e8mes complexes <\/h6><p class=\"elementor-image-box-description\">Le design thinking permet d'aborder des probl\u00e8mes complexes de mani\u00e8re syst\u00e9matique, en encourageant une analyse approfondie et une approche it\u00e9rative pour trouver des solutions cr\u00e9atives et pratiques.<\/p><\/div><\/div>\t\t\t\t<\/div>\n\t\t\t\t<\/div>\n\t\t\t\t\t<\/div>\n\t\t<\/div>\n\t\t\t\t<div class=\"elementor-column elementor-col-50 elementor-inner-column elementor-element elementor-element-8bf9593\" data-id=\"8bf9593\" data-element_type=\"column\" data-e-type=\"column\">\n\t\t\t<div class=\"elementor-widget-wrap elementor-element-populated\">\n\t\t\t\t\t\t<div class=\"elementor-element elementor-element-28e8d3a8 elementor-position-left rt-general-icon-align elementor-vertical-align-top elementor-widget elementor-widget-image-box\" data-id=\"28e8d3a8\" data-element_type=\"widget\" data-e-type=\"widget\" data-widget_type=\"image-box.default\">\n\t\t\t\t<div class=\"elementor-widget-container\">\n\t\t\t\t\t<div class=\"elementor-image-box-wrapper\"><figure class=\"elementor-image-box-img\"><img decoding=\"async\" width=\"29\" height=\"29\" src=\"https:\/\/fablab4d.ca\/gtm\/wp-content\/uploads\/2022\/06\/icon01.png\" class=\"attachment-full size-full wp-image-62481\" alt=\"\" \/><\/figure><div class=\"elementor-image-box-content\"><h6 class=\"elementor-image-box-title\">Collaboration interdisciplinaire (i.e PAS de silos)<\/h6><p class=\"elementor-image-box-description\">Le design thinking encourage la collaboration entre des personnes ayant des comp\u00e9tences et des perspectives diverses. Cette approche collaborative favorise la cr\u00e9ativit\u00e9 et la combinaison d'id\u00e9es provenant de diff\u00e9rents domaines d'expertise<\/p><\/div><\/div>\t\t\t\t<\/div>\n\t\t\t\t<\/div>\n\t\t\t\t\t<\/div>\n\t\t<\/div>\n\t\t\t\t\t<\/div>\n\t\t<\/section>\n\t\t\t\t<section class=\"elementor-section elementor-inner-section elementor-element elementor-element-3f1cf7b elementor-section-boxed elementor-section-height-default elementor-section-height-default\" data-id=\"3f1cf7b\" data-element_type=\"section\" data-e-type=\"section\">\n\t\t\t\t\t\t<div class=\"elementor-container elementor-column-gap-default\">\n\t\t\t\t\t<div class=\"elementor-column elementor-col-50 elementor-inner-column elementor-element elementor-element-61614e2\" data-id=\"61614e2\" data-element_type=\"column\" data-e-type=\"column\">\n\t\t\t<div class=\"elementor-widget-wrap elementor-element-populated\">\n\t\t\t\t\t\t<div class=\"elementor-element elementor-element-94c1434 elementor-position-left rt-general-icon-align elementor-vertical-align-top elementor-widget elementor-widget-image-box\" data-id=\"94c1434\" data-element_type=\"widget\" data-e-type=\"widget\" data-widget_type=\"image-box.default\">\n\t\t\t\t<div class=\"elementor-widget-container\">\n\t\t\t\t\t<div class=\"elementor-image-box-wrapper\"><figure class=\"elementor-image-box-img\"><img decoding=\"async\" width=\"29\" height=\"29\" src=\"https:\/\/fablab4d.ca\/gtm\/wp-content\/uploads\/2022\/06\/icon01.png\" class=\"attachment-full size-full wp-image-62481\" alt=\"\" \/><\/figure><div class=\"elementor-image-box-content\"><h6 class=\"elementor-image-box-title\">Centr\u00e9 sur l'humain <\/h6><p class=\"elementor-image-box-description\">Le design thinking place les besoins, les d\u00e9sirs et les comportements des utilisateurs finaux au c\u0153ur du processus de conception, garantissant ainsi que les solutions propos\u00e9es r\u00e9pondent aux v\u00e9ritables besoins des utilisateurs<\/p><\/div><\/div>\t\t\t\t<\/div>\n\t\t\t\t<\/div>\n\t\t\t\t\t<\/div>\n\t\t<\/div>\n\t\t\t\t<div class=\"elementor-column elementor-col-50 elementor-inner-column elementor-element elementor-element-4cb5cd1\" data-id=\"4cb5cd1\" data-element_type=\"column\" data-e-type=\"column\">\n\t\t\t<div class=\"elementor-widget-wrap elementor-element-populated\">\n\t\t\t\t\t\t<div class=\"elementor-element elementor-element-3acd13e elementor-position-left rt-general-icon-align elementor-vertical-align-top elementor-widget elementor-widget-image-box\" data-id=\"3acd13e\" data-element_type=\"widget\" data-e-type=\"widget\" data-widget_type=\"image-box.default\">\n\t\t\t\t<div class=\"elementor-widget-container\">\n\t\t\t\t\t<div class=\"elementor-image-box-wrapper\"><figure class=\"elementor-image-box-img\"><img decoding=\"async\" width=\"29\" height=\"29\" src=\"https:\/\/fablab4d.ca\/gtm\/wp-content\/uploads\/2022\/06\/icon01.png\" class=\"attachment-full size-full wp-image-62481\" alt=\"\" \/><\/figure><div class=\"elementor-image-box-content\"><h6 class=\"elementor-image-box-title\">Innovation <\/h6><p class=\"elementor-image-box-description\">En mettant l'accent sur la g\u00e9n\u00e9ration d'id\u00e9es nouvelles et originales, le design thinking favorise l'innovation et encourage la pens\u00e9e divergente. Cela permet de sortir des sentiers battus et de proposer des solutions novatrices<\/p><\/div><\/div>\t\t\t\t<\/div>\n\t\t\t\t<\/div>\n\t\t\t\t\t<\/div>\n\t\t<\/div>\n\t\t\t\t\t<\/div>\n\t\t<\/section>\n\t\t\t\t\t<\/div>\n\t\t<\/div>\n\t\t\t\t\t<\/div>\n\t\t<\/section>\n\t\t\t\t\t<\/div>\n\t\t<\/div>\n\t\t\t\t\t<\/div>\n\t\t<\/section>\n\t\t\t\t<section class=\"elementor-section elementor-top-section elementor-element elementor-element-8180656 elementor-section-boxed elementor-section-height-default elementor-section-height-default\" data-id=\"8180656\" data-element_type=\"section\" data-e-type=\"section\" data-settings=\"{&quot;background_background&quot;:&quot;classic&quot;}\">\n\t\t\t\t\t\t<div class=\"elementor-container elementor-column-gap-default\">\n\t\t\t\t\t<div class=\"elementor-column elementor-col-100 elementor-top-column elementor-element elementor-element-3216ae3\" data-id=\"3216ae3\" data-element_type=\"column\" data-e-type=\"column\">\n\t\t\t<div class=\"elementor-widget-wrap elementor-element-populated\">\n\t\t\t\t\t\t<section class=\"elementor-section elementor-inner-section elementor-element elementor-element-3e045b1 elementor-section-boxed elementor-section-height-default elementor-section-height-default\" data-id=\"3e045b1\" data-element_type=\"section\" data-e-type=\"section\">\n\t\t\t\t\t\t<div class=\"elementor-container elementor-column-gap-default\">\n\t\t\t\t\t<div class=\"elementor-column elementor-col-100 elementor-inner-column elementor-element elementor-element-675618d\" data-id=\"675618d\" data-element_type=\"column\" data-e-type=\"column\">\n\t\t\t<div class=\"elementor-widget-wrap elementor-element-populated\">\n\t\t\t\t\t\t<div class=\"elementor-element elementor-element-1b90ffbb elementor-invisible elementor-widget elementor-widget-heading\" data-id=\"1b90ffbb\" data-element_type=\"widget\" data-e-type=\"widget\" data-settings=\"{&quot;_animation&quot;:&quot;fadeInUp&quot;,&quot;_animation_delay&quot;:200}\" data-widget_type=\"heading.default\">\n\t\t\t\t<div class=\"elementor-widget-container\">\n\t\t\t\t\t<h6 class=\"elementor-heading-title elementor-size-default\">Notre m\u00e9thode de travail<\/h6>\t\t\t\t<\/div>\n\t\t\t\t<\/div>\n\t\t\t\t<div class=\"elementor-element elementor-element-63e4c4eb elementor-invisible elementor-widget elementor-widget-heading\" data-id=\"63e4c4eb\" data-element_type=\"widget\" data-e-type=\"widget\" data-settings=\"{&quot;_animation&quot;:&quot;fadeInUp&quot;,&quot;_animation_delay&quot;:400}\" data-widget_type=\"heading.default\">\n\t\t\t\t<div class=\"elementor-widget-container\">\n\t\t\t\t\t<h3 class=\"elementor-heading-title elementor-size-default\">De l'id\u00e9e \u00e0 l'Objet<\/h3>\t\t\t\t<\/div>\n\t\t\t\t<\/div>\n\t\t\t\t<section class=\"elementor-section elementor-inner-section elementor-element elementor-element-e2581ed elementor-section-boxed elementor-section-height-default elementor-section-height-default\" data-id=\"e2581ed\" data-element_type=\"section\" data-e-type=\"section\">\n\t\t\t\t\t\t<div class=\"elementor-container elementor-column-gap-default\">\n\t\t\t\t\t<div class=\"elementor-column elementor-col-50 elementor-inner-column elementor-element elementor-element-d0f6f8a\" data-id=\"d0f6f8a\" data-element_type=\"column\" data-e-type=\"column\">\n\t\t\t<div class=\"elementor-widget-wrap elementor-element-populated\">\n\t\t\t\t\t\t<div class=\"elementor-element elementor-element-44ef1b43 elementor-invisible elementor-widget elementor-widget-text-editor\" data-id=\"44ef1b43\" data-element_type=\"widget\" data-e-type=\"widget\" data-settings=\"{&quot;_animation&quot;:&quot;fadeInUp&quot;,&quot;_animation_delay&quot;:600}\" data-widget_type=\"text-editor.default\">\n\t\t\t\t<div class=\"elementor-widget-container\">\n\t\t\t\t\t\t\t\t\t<p>En pla\u00e7ant l&#8217;utilisateur au centre du processus de conception, le design thinking aide \u00e0 cr\u00e9er des produits, des services et des exp\u00e9riences qui r\u00e9pondent mieux aux besoins et aux attentes des utilisateurs..<\/p><p>Notre d\u00e9marche est agile et it\u00e9rative. Nous cr\u00e9ons des prototypes et de maquettes rapides pour tester les id\u00e9es et les concepts. Cela permet de recueillir rapidement des commentaires, d&#8217;it\u00e9rer et d&#8217;am\u00e9liorer les solutions propos\u00e9es.\u00a0<span style=\"letter-spacing: 0px;\">Le prototypage rapide et la validation continue des id\u00e9es permettent de d\u00e9tecter les probl\u00e8mes potentiels plus t\u00f4t dans le processus de conception, r\u00e9duisant ainsi les risques de mise en \u0153uvre<\/span><\/p>\t\t\t\t\t\t\t\t<\/div>\n\t\t\t\t<\/div>\n\t\t\t\t\t<\/div>\n\t\t<\/div>\n\t\t\t\t<div class=\"elementor-column elementor-col-50 elementor-inner-column elementor-element elementor-element-f60671c\" data-id=\"f60671c\" data-element_type=\"column\" data-e-type=\"column\">\n\t\t\t<div class=\"elementor-widget-wrap elementor-element-populated\">\n\t\t\t\t\t\t<div class=\"elementor-element elementor-element-f6f33f4 elementor-widget elementor-widget-image\" data-id=\"f6f33f4\" data-element_type=\"widget\" data-e-type=\"widget\" data-widget_type=\"image.default\">\n\t\t\t\t<div class=\"elementor-widget-container\">\n\t\t\t\t\t\t\t\t\t\t\t\t\t\t\t<img fetchpriority=\"high\" decoding=\"async\" width=\"518\" height=\"263\" src=\"https:\/\/fablab4d.ca\/gtm\/wp-content\/uploads\/2023\/08\/Design-Thinking.jpg\" class=\"attachment-large size-large wp-image-63538\" alt=\"\" \/>\t\t\t\t\t\t\t\t\t\t\t\t\t\t\t<\/div>\n\t\t\t\t<\/div>\n\t\t\t\t<div class=\"elementor-element elementor-element-0cc5144 elementor-widget elementor-widget-text-editor\" data-id=\"0cc5144\" data-element_type=\"widget\" data-e-type=\"widget\" data-widget_type=\"text-editor.default\">\n\t\t\t\t<div class=\"elementor-widget-container\">\n\t\t\t\t\t\t\t\t\t<p>Voir\u00a0<a href=\"https:\/\/humanskills.blog\/fr\/le-design-thinking\/\">https:\/\/humanskills.blog\/fr\/le-design-thinking\/<\/a><\/p>\t\t\t\t\t\t\t\t<\/div>\n\t\t\t\t<\/div>\n\t\t\t\t\t<\/div>\n\t\t<\/div>\n\t\t\t\t\t<\/div>\n\t\t<\/section>\n\t\t\t\t\t<\/div>\n\t\t<\/div>\n\t\t\t\t\t<\/div>\n\t\t<\/section>\n\t\t\t\t\t<\/div>\n\t\t<\/div>\n\t\t\t\t\t<\/div>\n\t\t<\/section>\n\t\t\t\t<\/div>\n\t\t","protected":false},"excerpt":{"rendered":"<p>Les b\u00e9n\u00e9fices En pla\u00e7ant l&#8217;utilisateur final au centre du processus, le r\u00e9sultat obtenu est sup\u00e9rieur Le \u00ab design thinking \u00bb est une approche centr\u00e9e sur l&#8217;humain qui met l&#8217;accent sur la r\u00e9solution de probl\u00e8mes cr\u00e9ative et innovante. Les avantages du design thinking incluent: R\u00e9solution de probl\u00e8mes complexes Le design thinking permet d&#8217;aborder des probl\u00e8mes complexes [&hellip;]<\/p>\n","protected":false},"author":1,"featured_media":0,"parent":0,"menu_order":0,"comment_status":"closed","ping_status":"closed","template":"","meta":{"_acf_changed":false,"footnotes":""},"class_list":["post-62479","page","type-page","status-publish","hentry"],"acf":[],"_links":{"self":[{"href":"https:\/\/fablab4d.ca\/gtm\/wp-json\/wp\/v2\/pages\/62479","targetHints":{"allow":["GET"]}}],"collection":[{"href":"https:\/\/fablab4d.ca\/gtm\/wp-json\/wp\/v2\/pages"}],"about":[{"href":"https:\/\/fablab4d.ca\/gtm\/wp-json\/wp\/v2\/types\/page"}],"author":[{"embeddable":true,"href":"https:\/\/fablab4d.ca\/gtm\/wp-json\/wp\/v2\/users\/1"}],"replies":[{"embeddable":true,"href":"https:\/\/fablab4d.ca\/gtm\/wp-json\/wp\/v2\/comments?post=62479"}],"version-history":[{"count":29,"href":"https:\/\/fablab4d.ca\/gtm\/wp-json\/wp\/v2\/pages\/62479\/revisions"}],"predecessor-version":[{"id":63611,"href":"https:\/\/fablab4d.ca\/gtm\/wp-json\/wp\/v2\/pages\/62479\/revisions\/63611"}],"wp:attachment":[{"href":"https:\/\/fablab4d.ca\/gtm\/wp-json\/wp\/v2\/media?parent=62479"}],"curies":[{"name":"wp","href":"https:\/\/api.w.org\/{rel}","templated":true}]}}